{"id":40353,"date":"2026-04-22T11:08:39","date_gmt":"2026-04-22T11:08:39","guid":{"rendered":"https:\/\/comprasyconsejos.store\/product\/sagtuol-amplificador-de-pantalla-para-movil-lupa-para-movil-10-pulgadas-3d-hd-amplificador-pantalla-movil\/"},"modified":"2026-04-22T11:08:39","modified_gmt":"2026-04-22T11:08:39","slug":"sagtuol-amplificador-de-pantalla-para-movil-lupa-para-movil-10-pulgadas-3d-hd-amplificador-pantalla-movil","status":"publish","type":"product","link":"https:\/\/comprasyconsejos.store\/en\/product\/sagtuol-amplificador-de-pantalla-para-movil-lupa-para-movil-10-pulgadas-3d-hd-amplificador-pantalla-movil\/","title":{"rendered":"SagTuol Amplificador de Pantalla para movil, Lupa para m\u00f3vil 10 Pulgadas, 3D HD Amplificador Pantalla movil"},"content":{"rendered":"<p>&#8211; \u3010Lupa de pantalla 3D m\u00f3vil\u3011La pantalla est\u00e1 hecha de una lente Fresnel de alta calidad, que es m\u00e1s n\u00edtida que las lentes ordinarias y puede proporcionar im\u00e1genes de mayor resoluci\u00f3n. Al mismo tiempo, tambi\u00e9n utiliza tecnolog\u00eda de zoom \u00f3ptico de alta resoluci\u00f3n que no crea un efecto de desenfoque en la imagen de proyecci\u00f3n.<br \/>\n&#8211; \u3010Experiencia de visualizaci\u00f3n c\u00f3moda\u3011El amplificador de pantalla del tel\u00e9fono m\u00f3vil funciona exactamente como un proyector de tel\u00e9fono. Ampl\u00ede la pantalla del tel\u00e9fono 3-4 veces. El \u00e1ngulo de visi\u00f3n y la distancia se pueden ajustar como si tuviera un cine m\u00f3vil.<br \/>\n&#8211; \u3010Correa antideslizante\u3011 En la parte inferior hay un dise\u00f1o de silicona antideslizante y un orificio para colocar el tel\u00e9fono, y el tel\u00e9fono no se caer\u00e1 cuando se inserte en el orificio.<br \/>\n&#8211; \u3010Ligero y port\u00e1til\u3011El producto es muy ligero y delgado y se puede plegar y guardar en bolsas, cajas o incluso bolsas, lo que es muy adecuado para viajar.<br \/>\n&#8211; \u3010Versatilidad\u3011La lupa de pantalla m\u00f3vil est\u00e1 especialmente dise\u00f1ada para tel\u00e9fonos inteligentes, para iPhone 15\/14\/13\/12 pro\/pro max, para Samsung Galaxy Note 10\/9\/8, etc.<\/p>","protected":false},"excerpt":{"rendered":"<p>&#8211; \u3010Lupa de pantalla 3D m\u00f3vil\u3011La pantalla est\u00e1 hecha de una lente Fresnel de alta calidad, que es m\u00e1s n\u00edtida<\/p>","protected":false},"featured_media":0,"comment_status":"open","ping_status":"closed","template":"","meta":[],"product_brand":[],"product_cat":[101],"product_tag":[],"class_list":{"0":"post-40353","1":"product","2":"type-product","3":"status-publish","5":"product_cat-accessories","7":"first","8":"instock","9":"shipping-taxable","10":"product-type-external"},"_links":{"self":[{"href":"https:\/\/comprasyconsejos.store\/en\/wp-json\/wp\/v2\/product\/40353","targetHints":{"allow":["GET"]}}],"collection":[{"href":"https:\/\/comprasyconsejos.store\/en\/wp-json\/wp\/v2\/product"}],"about":[{"href":"https:\/\/comprasyconsejos.store\/en\/wp-json\/wp\/v2\/types\/product"}],"replies":[{"embeddable":true,"href":"https:\/\/comprasyconsejos.store\/en\/wp-json\/wp\/v2\/comments?post=40353"}],"version-history":[{"count":0,"href":"https:\/\/comprasyconsejos.store\/en\/wp-json\/wp\/v2\/product\/40353\/revisions"}],"wp:attachment":[{"href":"https:\/\/comprasyconsejos.store\/en\/wp-json\/wp\/v2\/media?parent=40353"}],"wp:term":[{"taxonomy":"product_brand","embeddable":true,"href":"https:\/\/comprasyconsejos.store\/en\/wp-json\/wp\/v2\/product_brand?post=40353"},{"taxonomy":"product_cat","embeddable":true,"href":"https:\/\/comprasyconsejos.store\/en\/wp-json\/wp\/v2\/product_cat?post=40353"},{"taxonomy":"product_tag","embeddable":true,"href":"https:\/\/comprasyconsejos.store\/en\/wp-json\/wp\/v2\/product_tag?post=40353"}],"curies":[{"name":"wp","href":"https:\/\/api.w.org\/{rel}","templated":true}]}}