{"id":40354,"date":"2026-04-22T12:37:12","date_gmt":"2026-04-22T12:37:12","guid":{"rendered":"https:\/\/comprasyconsejos.store\/product\/outigo-cortacesped-inalambrico-desbrozadora-bateria-bateria-de-21-v-4-ah-2x-21v-4ah-cortabordes-electrico-3-en-1-mango-telescopico-plegable-desbrozadora-de-jardin-a-bateria-2\/"},"modified":"2026-04-22T12:37:12","modified_gmt":"2026-04-22T12:37:12","slug":"outigo-cortacesped-inalambrico-desbrozadora-bateria-bateria-de-21-v-4-ah-2x-21v-4ah-cortabordes-electrico-3-en-1-mango-telescopico-plegable-desbrozadora-de-jardin-a-bateria-2","status":"publish","type":"product","link":"https:\/\/comprasyconsejos.store\/en\/product\/outigo-cortacesped-inalambrico-desbrozadora-bateria-bateria-de-21-v-4-ah-2x-21v-4ah-cortabordes-electrico-3-en-1-mango-telescopico-plegable-desbrozadora-de-jardin-a-bateria-2\/","title":{"rendered":"OUTIGO Cortac\u00e9sped inal\u00e1mbrico, Desbrozadora Bateria, bater\u00eda de 21 V (4 Ah)\/2\u00d7 21V &#8211; 4Ah, Cortabordes electrico 3 en 1, Mango telesc\u00f3pico Plegable, desbrozadora de jard\u00edn a bater\u00eda"},"content":{"rendered":"<p>&#8211; \u3010Cortac\u00e9sped inal\u00e1mbrico multifunci\u00f3n 3 en 1\u3011Las cuchillas intercambiables del cortac\u00e9sped permiten realmente utilizar un solo aparato para m\u00faltiples funciones. Combina la doble funcionalidad de cortar el c\u00e9sped y recortar los bordes, lo que le permite llegar con flexibilidad a los rincones m\u00e1s dif\u00edciles y tratar con facilidad las zonas a las que los equipos convencionales no pueden acceder. Las cuchillas de diferentes tama\u00f1os se adaptan con precisi\u00f3n a todo tipo de situaciones de desbroce y recorte, lo que facilita el mantenimiento del jard\u00edn.<br \/>\n&#8211; \u3010Bater\u00eda estable y duradera\u3011 (1) 1 bater\u00eda de gran capacidad de 4,0 Ah; cuando est\u00e1 completamente cargada, el indicador luminoso se ilumina en verde de forma fija. (2) Protecci\u00f3n integrada contra sobretensi\u00f3n y subtensi\u00f3n en la entrada. (3) Incorpora un mecanismo de protecci\u00f3n contra sobrecorriente y cortocircuitos en la salida. (4) Cuenta con doble protecci\u00f3n contra sobrecarga y descarga excesiva de la bater\u00eda. (5) Funci\u00f3n de protecci\u00f3n contra sobrecalentamiento del circuito integrado.<br \/>\n&#8211; \u3010Recorte flexible de 90\u00b0, m\u00faltiples protecciones de seguridad\u3011 Incorpora un cabezal de recorte ajustable en 90\u00b0, que permite adaptar el \u00e1ngulo de forma flexible seg\u00fan el entorno de trabajo, lo que facilita el manejo en todo tipo de zonas complejas. Est\u00e1 equipado con una cubierta antisalpicaduras de 150\u00b0, que bloquea eficazmente la proyecci\u00f3n de residuos de recorte y mantiene el entorno limpio; adem\u00e1s, cuenta con un doble interruptor de seguridad para evitar el arranque accidental.<br \/>\n&#8211; \u3010Dise\u00f1o ergon\u00f3mico, c\u00f3modo y sin esfuerzo\u3011Equipado con un mango telesc\u00f3pico, cuya longitud se puede ajustar de forma flexible entre 105 y 109 cm, adapt\u00e1ndose f\u00e1cilmente a personas de diferentes estaturas. El cuerpo de la m\u00e1quina es ligero (2,8 kg), f\u00e1cil de manejar, potente y sencillo de usar, por lo que tanto hombres como mujeres, j\u00f3venes y mayores pueden manejarlo con facilidad.<br \/>\n&#8211; \u3010Garant\u00eda de certificaci\u00f3n de seguridad y un servicio de atenci\u00f3n al cliente atento\u3011Este producto cuenta con certificaciones de seguridad profesionales, lo que garantiza una calidad fiable y un uso seguro. Si tiene alguna duda o necesidad durante el uso del producto, puede ponerse en contacto con nosotros en cualquier momento.<\/p>","protected":false},"excerpt":{"rendered":"<p>&#8211; \u3010Cortac\u00e9sped inal\u00e1mbrico multifunci\u00f3n 3 en 1\u3011Las cuchillas intercambiables del cortac\u00e9sped permiten realmente utilizar un solo aparato para m\u00faltiples funciones.<\/p>","protected":false},"featured_media":0,"comment_status":"open","ping_status":"closed","template":"","meta":[],"product_brand":[],"product_cat":[101],"product_tag":[],"class_list":{"0":"post-40354","1":"product","2":"type-product","3":"status-publish","5":"product_cat-accessories","7":"first","8":"instock","9":"shipping-taxable","10":"product-type-external"},"_links":{"self":[{"href":"https:\/\/comprasyconsejos.store\/en\/wp-json\/wp\/v2\/product\/40354","targetHints":{"allow":["GET"]}}],"collection":[{"href":"https:\/\/comprasyconsejos.store\/en\/wp-json\/wp\/v2\/product"}],"about":[{"href":"https:\/\/comprasyconsejos.store\/en\/wp-json\/wp\/v2\/types\/product"}],"replies":[{"embeddable":true,"href":"https:\/\/comprasyconsejos.store\/en\/wp-json\/wp\/v2\/comments?post=40354"}],"version-history":[{"count":0,"href":"https:\/\/comprasyconsejos.store\/en\/wp-json\/wp\/v2\/product\/40354\/revisions"}],"wp:attachment":[{"href":"https:\/\/comprasyconsejos.store\/en\/wp-json\/wp\/v2\/media?parent=40354"}],"wp:term":[{"taxonomy":"product_brand","embeddable":true,"href":"https:\/\/comprasyconsejos.store\/en\/wp-json\/wp\/v2\/product_brand?post=40354"},{"taxonomy":"product_cat","embeddable":true,"href":"https:\/\/comprasyconsejos.store\/en\/wp-json\/wp\/v2\/product_cat?post=40354"},{"taxonomy":"product_tag","embeddable":true,"href":"https:\/\/comprasyconsejos.store\/en\/wp-json\/wp\/v2\/product_tag?post=40354"}],"curies":[{"name":"wp","href":"https:\/\/api.w.org\/{rel}","templated":true}]}}