{"id":40355,"date":"2026-04-22T12:37:45","date_gmt":"2026-04-22T12:37:45","guid":{"rendered":"https:\/\/comprasyconsejos.store\/product\/pinzas-para-la-nariz-para-nadar-con-tapones-para-los-oidos-9-unidades-clip-nasal-de-silicona-tapones-para-los-oidos-flotantes-para-ninos-y-adultos-pinza-nasal-impermeable-para-natacion\/"},"modified":"2026-04-22T12:37:45","modified_gmt":"2026-04-22T12:37:45","slug":"pinzas-para-la-nariz-para-nadar-con-tapones-para-los-oidos-9-unidades-clip-nasal-de-silicona-tapones-para-los-oidos-flotantes-para-ninos-y-adultos-pinza-nasal-impermeable-para-natacion","status":"publish","type":"product","link":"https:\/\/comprasyconsejos.store\/en\/product\/pinzas-para-la-nariz-para-nadar-con-tapones-para-los-oidos-9-unidades-clip-nasal-de-silicona-tapones-para-los-oidos-flotantes-para-ninos-y-adultos-pinza-nasal-impermeable-para-natacion\/","title":{"rendered":"Pinzas para la nariz para nadar con tapones para los o\u00eddos, 9 unidades, clip nasal de silicona, tapones para los o\u00eddos flotantes, para ni\u00f1os y adultos, pinza nasal impermeable para nataci\u00f3n"},"content":{"rendered":"<p>&#8211; Materiales suaves y fiables:Nuestras pinzas nasales y tapones para los o\u00eddos est\u00e1n fabricados con silicona de calidad y estructura de pl\u00e1stico PC, lo que ofrece una sensaci\u00f3n suave sobre la piel, un uso c\u00f3modo y una buena durabilidad para actividades acu\u00e1ticas diarias.<br \/>\n&#8211; Dise\u00f1o ergon\u00f3mico para mayor comodidad:Gracias a su dise\u00f1o ergon\u00f3mico, las pinzas nasales y los tapones se ajustan c\u00f3modamente para ayudar a reducir la entrada de agua en la nariz y los o\u00eddos, permiti\u00e9ndote disfrutar de la nataci\u00f3n con mayor comodidad y tranquilidad.<br \/>\n&#8211; Aptos para ni\u00f1os y adultos:Este juego incluye 6 pinzas nasales y 3 pares de tapones para los o\u00eddos, ideal para ni\u00f1os a partir de 4 a\u00f1os, adolescentes y adultos. Su dise\u00f1o flexible y ligero los hace adecuados para uso familiar y diferentes necesidades de nataci\u00f3n.<br \/>\n&#8211; Varios colores y caja de almacenamiento pr\u00e1ctica:Los diferentes colores permiten identificar f\u00e1cilmente cada accesorio o elegir el que mejor combine con tu estilo. La caja incluida facilita el almacenamiento y el transporte, ayudando a mantener los accesorios limpios y organizados.<br \/>\n&#8211; Ideales para piscina, playa y actividades acu\u00e1ticas:Perfectos para nataci\u00f3n, clases de piscina, surf, juegos acu\u00e1ticos y otras actividades en el agua. Este pr\u00e1ctico set ofrece una soluci\u00f3n c\u00f3moda y funcional para toda la familia.<\/p>","protected":false},"excerpt":{"rendered":"<p>&#8211; Materiales suaves y fiables:Nuestras pinzas nasales y tapones para los o\u00eddos est\u00e1n fabricados con silicona de calidad y estructura<\/p>","protected":false},"featured_media":0,"comment_status":"open","ping_status":"closed","template":"","meta":[],"product_brand":[],"product_cat":[101],"product_tag":[],"class_list":{"0":"post-40355","1":"product","2":"type-product","3":"status-publish","5":"product_cat-accessories","7":"first","8":"instock","9":"shipping-taxable","10":"product-type-external"},"_links":{"self":[{"href":"https:\/\/comprasyconsejos.store\/en\/wp-json\/wp\/v2\/product\/40355","targetHints":{"allow":["GET"]}}],"collection":[{"href":"https:\/\/comprasyconsejos.store\/en\/wp-json\/wp\/v2\/product"}],"about":[{"href":"https:\/\/comprasyconsejos.store\/en\/wp-json\/wp\/v2\/types\/product"}],"replies":[{"embeddable":true,"href":"https:\/\/comprasyconsejos.store\/en\/wp-json\/wp\/v2\/comments?post=40355"}],"version-history":[{"count":0,"href":"https:\/\/comprasyconsejos.store\/en\/wp-json\/wp\/v2\/product\/40355\/revisions"}],"wp:attachment":[{"href":"https:\/\/comprasyconsejos.store\/en\/wp-json\/wp\/v2\/media?parent=40355"}],"wp:term":[{"taxonomy":"product_brand","embeddable":true,"href":"https:\/\/comprasyconsejos.store\/en\/wp-json\/wp\/v2\/product_brand?post=40355"},{"taxonomy":"product_cat","embeddable":true,"href":"https:\/\/comprasyconsejos.store\/en\/wp-json\/wp\/v2\/product_cat?post=40355"},{"taxonomy":"product_tag","embeddable":true,"href":"https:\/\/comprasyconsejos.store\/en\/wp-json\/wp\/v2\/product_tag?post=40355"}],"curies":[{"name":"wp","href":"https:\/\/api.w.org\/{rel}","templated":true}]}}